{"id":112,"date":"2024-12-11T12:32:52","date_gmt":"2024-12-11T12:32:52","guid":{"rendered":"https:\/\/wdcv.sit-demo.net\/?page_id=112"},"modified":"2024-12-20T08:04:17","modified_gmt":"2024-12-20T08:04:17","slug":"impressum","status":"publish","type":"page","link":"https:\/\/wdcv.sit-demo.net\/index.php\/impressum\/","title":{"rendered":"Impressum"},"content":{"rendered":"\t\t<div data-elementor-type=\"wp-page\" data-elementor-id=\"112\" class=\"elementor elementor-112\" data-elementor-post-type=\"page\">\n\t\t\t\t\t\t<section class=\"elementor-section elementor-top-section elementor-element elementor-element-4ec8d51 elementor-section-height-min-height elementor-section-boxed elementor-section-height-default elementor-section-items-middle\" data-id=\"4ec8d51\" data-element_type=\"section\" data-settings=\"{&quot;background_background&quot;:&quot;classic&quot;}\">\n\t\t\t\t\t\t<div class=\"elementor-container elementor-column-gap-default\">\n\t\t\t\t\t<div class=\"elementor-column elementor-col-100 elementor-top-column elementor-element elementor-element-fa44c9a\" data-id=\"fa44c9a\" data-element_type=\"column\">\n\t\t\t<div class=\"elementor-widget-wrap elementor-element-populated\">\n\t\t\t\t\t\t<div class=\"elementor-element elementor-element-341a070 elementor-widget elementor-widget-heading\" data-id=\"341a070\" data-element_type=\"widget\" data-widget_type=\"heading.default\">\n\t\t\t\t<div class=\"elementor-widget-container\">\n\t\t\t<h2 class=\"elementor-heading-title elementor-size-default\">Impressum<\/h2>\t\t<\/div>\n\t\t\t\t<\/div>\n\t\t\t\t\t<\/div>\n\t\t<\/div>\n\t\t\t\t\t<\/div>\n\t\t<\/section>\n\t\t\t\t<section class=\"elementor-section elementor-top-section elementor-element elementor-element-56be138 elementor-section-boxed elementor-section-height-default elementor-section-height-default\" data-id=\"56be138\" data-element_type=\"section\" data-settings=\"{&quot;background_background&quot;:&quot;classic&quot;}\">\n\t\t\t\t\t\t<div class=\"elementor-container elementor-column-gap-default\">\n\t\t\t\t\t<div class=\"elementor-column elementor-col-100 elementor-top-column elementor-element elementor-element-caaa273\" data-id=\"caaa273\" data-element_type=\"column\">\n\t\t\t<div class=\"elementor-widget-wrap elementor-element-populated\">\n\t\t\t\t\t\t<div class=\"elementor-element elementor-element-1e9ec50 elementor-widget elementor-widget-heading\" data-id=\"1e9ec50\" data-element_type=\"widget\" data-widget_type=\"heading.default\">\n\t\t\t\t<div class=\"elementor-widget-container\">\n\t\t\t<h2 class=\"elementor-heading-title elementor-size-default\">Angaben gem\u00e4\u00df<br>5 TMG<\/h2>\t\t<\/div>\n\t\t\t\t<\/div>\n\t\t\t\t<div class=\"elementor-element elementor-element-b1c0b4c elementor-icon-list--layout-traditional elementor-list-item-link-full_width elementor-widget elementor-widget-icon-list\" data-id=\"b1c0b4c\" data-element_type=\"widget\" data-widget_type=\"icon-list.default\">\n\t\t\t\t<div class=\"elementor-widget-container\">\n\t\t\t\t\t<ul class=\"elementor-icon-list-items\">\n\t\t\t\t\t\t\t<li class=\"elementor-icon-list-item\">\n\t\t\t\t\t\t\t\t\t\t<span class=\"elementor-icon-list-text\">Westdeutscher Cricket Verband e.V.<\/span>\n\t\t\t\t\t\t\t\t\t<\/li>\n\t\t\t\t\t\t\t\t<li class=\"elementor-icon-list-item\">\n\t\t\t\t\t\t\t\t\t\t<span class=\"elementor-icon-list-text\">c\/o Dr. Arun Kumar Kondadi<\/span>\n\t\t\t\t\t\t\t\t\t<\/li>\n\t\t\t\t\t\t\t\t<li class=\"elementor-icon-list-item\">\n\t\t\t\t\t\t\t\t\t\t<span class=\"elementor-icon-list-text\">Harffer Strasse 25<\/span>\n\t\t\t\t\t\t\t\t\t<\/li>\n\t\t\t\t\t\t\t\t<li class=\"elementor-icon-list-item\">\n\t\t\t\t\t\t\t\t\t\t<span class=\"elementor-icon-list-text\">41469 Neuss<\/span>\n\t\t\t\t\t\t\t\t\t<\/li>\n\t\t\t\t\t\t\t\t<li class=\"elementor-icon-list-item\">\n\t\t\t\t\t\t\t\t\t\t<span class=\"elementor-icon-list-text\">Vereinsregister: VR 9895<\/span>\n\t\t\t\t\t\t\t\t\t<\/li>\n\t\t\t\t\t\t\t\t<li class=\"elementor-icon-list-item\">\n\t\t\t\t\t\t\t\t\t\t<span class=\"elementor-icon-list-text\">Registergericht: Amtsgericht Bonn<\/span>\n\t\t\t\t\t\t\t\t\t<\/li>\n\t\t\t\t\t\t<\/ul>\n\t\t\t\t<\/div>\n\t\t\t\t<\/div>\n\t\t\t\t<div class=\"elementor-element elementor-element-f38395b elementor-widget elementor-widget-heading\" data-id=\"f38395b\" data-element_type=\"widget\" data-widget_type=\"heading.default\">\n\t\t\t\t<div class=\"elementor-widget-container\">\n\t\t\t<h2 class=\"elementor-heading-title elementor-size-default\">Vertreten durch<\/h2>\t\t<\/div>\n\t\t\t\t<\/div>\n\t\t\t\t<div class=\"elementor-element elementor-element-3a12ecb elementor-icon-list--layout-traditional elementor-list-item-link-full_width elementor-widget elementor-widget-icon-list\" data-id=\"3a12ecb\" data-element_type=\"widget\" data-widget_type=\"icon-list.default\">\n\t\t\t\t<div class=\"elementor-widget-container\">\n\t\t\t\t\t<ul class=\"elementor-icon-list-items\">\n\t\t\t\t\t\t\t<li class=\"elementor-icon-list-item\">\n\t\t\t\t\t\t\t\t\t\t<span class=\"elementor-icon-list-text\">Vorsitzender: Dr. Kondadi, Arun Kumar, Neuss<\/span>\n\t\t\t\t\t\t\t\t\t<\/li>\n\t\t\t\t\t\t\t\t<li class=\"elementor-icon-list-item\">\n\t\t\t\t\t\t\t\t\t\t<span class=\"elementor-icon-list-text\">stellvertretender Vorsitzender: Sardar, Omar, Duisburg<\/span>\n\t\t\t\t\t\t\t\t\t<\/li>\n\t\t\t\t\t\t\t\t<li class=\"elementor-icon-list-item\">\n\t\t\t\t\t\t\t\t\t\t<span class=\"elementor-icon-list-text\">Schatzmeister: Dhanawade, Nikhil Mansing, Meerbusch<\/span>\n\t\t\t\t\t\t\t\t\t<\/li>\n\t\t\t\t\t\t<\/ul>\n\t\t\t\t<\/div>\n\t\t\t\t<\/div>\n\t\t\t\t\t<\/div>\n\t\t<\/div>\n\t\t\t\t\t<\/div>\n\t\t<\/section>\n\t\t\t\t<section class=\"elementor-section elementor-top-section elementor-element elementor-element-ed4ab66 elementor-section-boxed elementor-section-height-default elementor-section-height-default\" data-id=\"ed4ab66\" data-element_type=\"section\" data-settings=\"{&quot;background_background&quot;:&quot;classic&quot;}\">\n\t\t\t\t\t\t<div class=\"elementor-container elementor-column-gap-default\">\n\t\t\t\t\t<div class=\"elementor-column elementor-col-100 elementor-top-column elementor-element elementor-element-4b0dced\" data-id=\"4b0dced\" data-element_type=\"column\">\n\t\t\t<div class=\"elementor-widget-wrap elementor-element-populated\">\n\t\t\t\t\t\t<section class=\"elementor-section elementor-inner-section elementor-element elementor-element-61d440a elementor-section-boxed elementor-section-height-default elementor-section-height-default\" data-id=\"61d440a\" data-element_type=\"section\">\n\t\t\t\t\t\t<div class=\"elementor-container elementor-column-gap-default\">\n\t\t\t\t\t<div class=\"elementor-column elementor-col-33 elementor-inner-column elementor-element elementor-element-9c09be5\" data-id=\"9c09be5\" data-element_type=\"column\">\n\t\t\t<div class=\"elementor-widget-wrap elementor-element-populated\">\n\t\t\t\t\t\t<div class=\"elementor-element elementor-element-f5a9dc0 ekit-equal-height-enable elementor-widget elementor-widget-elementskit-icon-box\" data-id=\"f5a9dc0\" data-element_type=\"widget\" data-widget_type=\"elementskit-icon-box.default\">\n\t\t\t\t<div class=\"elementor-widget-container\">\n\t\t\t<div class=\"ekit-wid-con\" >        <!-- link opening -->\n                <!-- end link opening -->\n\n        <div class=\"elementskit-infobox text-left text-left icon-top-align elementor-animation-   \">\n                    <div class=\"elementskit-box-header elementor-animation-\">\n                <div class=\"elementskit-info-box-icon  \">\n                    <svg xmlns=\"http:\/\/www.w3.org\/2000\/svg\" width=\"24\" height=\"24\" viewBox=\"0 0 24 24\" fill=\"none\"><path d=\"M8.99962 14C8.99962 14 10.3121 15.5 12.4996 15.5C14.6871 15.5 15.9996 14 15.9996 14M15.2496 9H15.2596M9.74962 9H9.75962M12.4996 20C17.194 20 20.9996 16.1944 20.9996 11.5C20.9996 6.80558 17.194 3 12.4996 3C7.8052 3 3.99962 6.80558 3.99962 11.5C3.99962 12.45 4.15547 13.3636 4.443 14.2166C4.55119 14.5376 4.60529 14.6981 4.61505 14.8214C4.62469 14.9432 4.6174 15.0286 4.58728 15.1469C4.55677 15.2668 4.48942 15.3915 4.35472 15.6408L2.71906 18.6684C2.48575 19.1002 2.36909 19.3161 2.3952 19.4828C2.41794 19.6279 2.50337 19.7557 2.6288 19.8322C2.7728 19.9201 3.01692 19.8948 3.50517 19.8444L8.62619 19.315C8.78127 19.299 8.85881 19.291 8.92949 19.2937C8.999 19.2963 9.04807 19.3029 9.11586 19.3185C9.18478 19.3344 9.27145 19.3678 9.44478 19.4345C10.3928 19.7998 11.4228 20 12.4996 20ZM15.7496 9C15.7496 9.27614 15.5258 9.5 15.2496 9.5C14.9735 9.5 14.7496 9.27614 14.7496 9C14.7496 8.72386 14.9735 8.5 15.2496 8.5C15.5258 8.5 15.7496 8.72386 15.7496 9ZM10.2496 9C10.2496 9.27614 10.0258 9.5 9.74962 9.5C9.47348 9.5 9.24962 9.27614 9.24962 9C9.24962 8.72386 9.47348 8.5 9.74962 8.5C10.0258 8.5 10.2496 8.72386 10.2496 9Z\" stroke=\"#E2001A\" stroke-width=\"2\" stroke-linecap=\"round\" stroke-linejoin=\"round\"><\/path><\/svg>\n                <\/div>\n          <\/div>\n                        <div class=\"box-body\">\n                            <h3 class=\"elementskit-info-box-title\">\n                    Eine E-Mail versenden                <\/h3>\n                        \t\t  <p>Sprechen Sie mit unserem freundlichen Team.<\/p>\n                                        <div class=\"box-footer disable_hover_button\">\n                    <div class=\"btn-wraper\">\n                                                            <a href=\"mailto:info@wdcv.de\" target=\"_self\" rel=\"\" class=\"elementskit-btn whitespace--normal elementor-animation-\">\n                                                                                info@wdcv.de                                    <\/a>\n                                                        <\/div>\n                <\/div>\n                    <\/div>\n        \n        \n                <\/div>\n        <\/div>\t\t<\/div>\n\t\t\t\t<\/div>\n\t\t\t\t\t<\/div>\n\t\t<\/div>\n\t\t\t\t<div class=\"elementor-column elementor-col-33 elementor-inner-column elementor-element elementor-element-a08e870\" data-id=\"a08e870\" data-element_type=\"column\">\n\t\t\t<div class=\"elementor-widget-wrap elementor-element-populated\">\n\t\t\t\t\t\t<div class=\"elementor-element elementor-element-983f361 ekit-equal-height-enable elementor-widget elementor-widget-elementskit-icon-box\" data-id=\"983f361\" data-element_type=\"widget\" data-widget_type=\"elementskit-icon-box.default\">\n\t\t\t\t<div class=\"elementor-widget-container\">\n\t\t\t<div class=\"ekit-wid-con\" >        <!-- link opening -->\n                <!-- end link opening -->\n\n        <div class=\"elementskit-infobox text-left text-left icon-top-align elementor-animation-   \">\n                    <div class=\"elementskit-box-header elementor-animation-\">\n                <div class=\"elementskit-info-box-icon  \">\n                    <svg xmlns=\"http:\/\/www.w3.org\/2000\/svg\" width=\"24\" height=\"24\" viewBox=\"0 0 24 24\" fill=\"none\"><path d=\"M6.09436 11.2288C6.03221 10.8282 5.99996 10.4179 5.99996 10C5.99996 5.58172 9.60525 2 14.0526 2C18.4999 2 22.1052 5.58172 22.1052 10C22.1052 10.9981 21.9213 11.9535 21.5852 12.8345C21.5154 13.0175 21.4804 13.109 21.4646 13.1804C21.4489 13.2512 21.4428 13.301 21.4411 13.3735C21.4394 13.4466 21.4493 13.5272 21.4692 13.6883L21.8717 16.9585C21.9153 17.3125 21.9371 17.4895 21.8782 17.6182C21.8266 17.731 21.735 17.8205 21.6211 17.8695C21.4911 17.9254 21.3146 17.8995 20.9617 17.8478L17.7765 17.3809C17.6101 17.3565 17.527 17.3443 17.4512 17.3448C17.3763 17.3452 17.3245 17.3507 17.2511 17.3661C17.177 17.3817 17.0823 17.4172 16.893 17.4881C16.0097 17.819 15.0524 18 14.0526 18C13.6344 18 13.2237 17.9683 12.8227 17.9073M7.63158 22C10.5965 22 13 19.5376 13 16.5C13 13.4624 10.5965 11 7.63158 11C4.66668 11 2.26316 13.4624 2.26316 16.5C2.26316 17.1106 2.36028 17.6979 2.53955 18.2467C2.61533 18.4787 2.65322 18.5947 2.66566 18.6739C2.67864 18.7567 2.68091 18.8031 2.67608 18.8867C2.67145 18.9668 2.65141 19.0573 2.61134 19.2383L2 22L4.9948 21.591C5.15827 21.5687 5.24 21.5575 5.31137 21.558C5.38652 21.5585 5.42641 21.5626 5.50011 21.5773C5.5701 21.5912 5.67416 21.6279 5.88227 21.7014C6.43059 21.8949 7.01911 22 7.63158 22Z\" stroke=\"#E2001A\" stroke-width=\"2\" stroke-linecap=\"round\" stroke-linejoin=\"round\"><\/path><\/svg>\n                <\/div>\n          <\/div>\n                        <div class=\"box-body\">\n                            <h3 class=\"elementskit-info-box-title\">\n                    Unterst\u00fctzung                <\/h3>\n                        \t\t  <p>Wir sind hier, um zu helfen.<\/p>\n                                        <div class=\"box-footer disable_hover_button\">\n                    <div class=\"btn-wraper\">\n                                                            <a href=\"mailto:wdcv.president@cricket.de\" target=\"_self\" rel=\"\" class=\"elementskit-btn whitespace--normal elementor-animation-\">\n                                                                                wdcv.president@cricket.de                                    <\/a>\n                                                        <\/div>\n                <\/div>\n                    <\/div>\n        \n        \n                <\/div>\n        <\/div>\t\t<\/div>\n\t\t\t\t<\/div>\n\t\t\t\t\t<\/div>\n\t\t<\/div>\n\t\t\t\t<div class=\"elementor-column elementor-col-33 elementor-inner-column elementor-element elementor-element-41bc29e\" data-id=\"41bc29e\" data-element_type=\"column\">\n\t\t\t<div class=\"elementor-widget-wrap elementor-element-populated\">\n\t\t\t\t\t\t<div class=\"elementor-element elementor-element-35cae5e ekit-equal-height-enable elementor-widget elementor-widget-elementskit-icon-box\" data-id=\"35cae5e\" data-element_type=\"widget\" data-widget_type=\"elementskit-icon-box.default\">\n\t\t\t\t<div class=\"elementor-widget-container\">\n\t\t\t<div class=\"ekit-wid-con\" >        <!-- link opening -->\n                <!-- end link opening -->\n\n        <div class=\"elementskit-infobox text-left text-left icon-top-align elementor-animation-   \">\n                    <div class=\"elementskit-box-header elementor-animation-\">\n                <div class=\"elementskit-info-box-icon  \">\n                    <svg xmlns=\"http:\/\/www.w3.org\/2000\/svg\" width=\"24\" height=\"24\" viewBox=\"0 0 24 24\" fill=\"none\"><path d=\"M8.38028 8.85335C9.07627 10.303 10.0251 11.6616 11.2266 12.8632C12.4282 14.0648 13.7869 15.0136 15.2365 15.7096C15.3612 15.7694 15.4235 15.7994 15.5024 15.8224C15.7828 15.9041 16.127 15.8454 16.3644 15.6754C16.4313 15.6275 16.4884 15.5704 16.6027 15.4561C16.9523 15.1064 17.1271 14.9316 17.3029 14.8174C17.9658 14.3864 18.8204 14.3864 19.4833 14.8174C19.6591 14.9316 19.8339 15.1064 20.1835 15.4561L20.3783 15.6509C20.9098 16.1824 21.1755 16.4481 21.3198 16.7335C21.6069 17.301 21.6069 17.9713 21.3198 18.5389C21.1755 18.8242 20.9098 19.09 20.3783 19.6214L20.2207 19.779C19.6911 20.3087 19.4263 20.5735 19.0662 20.7757C18.6667 21.0001 18.0462 21.1615 17.588 21.1601C17.1751 21.1589 16.8928 21.0788 16.3284 20.9186C13.295 20.0576 10.4326 18.4332 8.04466 16.0452C5.65668 13.6572 4.03221 10.7948 3.17124 7.76144C3.01103 7.19699 2.93092 6.91477 2.9297 6.50182C2.92833 6.0436 3.08969 5.42311 3.31411 5.0236C3.51636 4.66357 3.78117 4.39876 4.3108 3.86913L4.46843 3.7115C4.99987 3.18006 5.2656 2.91433 5.55098 2.76999C6.11854 2.48292 6.7888 2.48292 7.35636 2.76999C7.64174 2.91433 7.90747 3.18006 8.43891 3.7115L8.63378 3.90637C8.98338 4.25597 9.15819 4.43078 9.27247 4.60655C9.70347 5.26945 9.70347 6.12403 9.27247 6.78692C9.15819 6.96269 8.98338 7.1375 8.63378 7.4871C8.51947 7.60142 8.46231 7.65857 8.41447 7.72538C8.24446 7.96281 8.18576 8.30707 8.26748 8.58743C8.29048 8.66632 8.32041 8.72866 8.38028 8.85335Z\" stroke=\"#E2001A\" stroke-width=\"2\" stroke-linecap=\"round\" stroke-linejoin=\"round\"><\/path><\/svg>\n                <\/div>\n          <\/div>\n                        <div class=\"box-body\">\n                            <h3 class=\"elementskit-info-box-title\">\n                    Rufen Sie uns an                <\/h3>\n                        \t\t  <p>Rufen Sie uns bei Fragen an<\/p>\n                                        <div class=\"box-footer disable_hover_button\">\n                    <div class=\"btn-wraper\">\n                                                            <a href=\"tel:0176-70361523\" target=\"_self\" rel=\"\" class=\"elementskit-btn whitespace--normal elementor-animation-\">\n                                                                                0176-70361523                                    <\/a>\n                                                        <\/div>\n                <\/div>\n                    <\/div>\n        \n        \n                <\/div>\n        <\/div>\t\t<\/div>\n\t\t\t\t<\/div>\n\t\t\t\t\t<\/div>\n\t\t<\/div>\n\t\t\t\t\t<\/div>\n\t\t<\/section>\n\t\t\t\t\t<\/div>\n\t\t<\/div>\n\t\t\t\t\t<\/div>\n\t\t<\/section>\n\t\t\t\t<section class=\"elementor-section elementor-top-section elementor-element elementor-element-959ceeb elementor-section-boxed elementor-section-height-default elementor-section-height-default\" data-id=\"959ceeb\" data-element_type=\"section\" data-settings=\"{&quot;background_background&quot;:&quot;classic&quot;}\">\n\t\t\t\t\t\t<div class=\"elementor-container elementor-column-gap-default\">\n\t\t\t\t\t<div class=\"elementor-column elementor-col-100 elementor-top-column elementor-element elementor-element-cbc3260\" data-id=\"cbc3260\" data-element_type=\"column\">\n\t\t\t<div class=\"elementor-widget-wrap elementor-element-populated\">\n\t\t\t\t\t\t<div class=\"elementor-element elementor-element-0721eeb elementor-widget elementor-widget-heading\" data-id=\"0721eeb\" data-element_type=\"widget\" data-widget_type=\"heading.default\">\n\t\t\t\t<div class=\"elementor-widget-container\">\n\t\t\t<h2 class=\"elementor-heading-title elementor-size-default\">Verantwortlich f\u00fcr den Inhalt nach\u2028<br>55 Abs. 2 RStV<\/h2>\t\t<\/div>\n\t\t\t\t<\/div>\n\t\t\t\t<div class=\"elementor-element elementor-element-9f039ac elementor-widget elementor-widget-text-editor\" data-id=\"9f039ac\" data-element_type=\"widget\" data-widget_type=\"text-editor.default\">\n\t\t\t\t<div class=\"elementor-widget-container\">\n\t\t\t\t\t\t\t<span style=\"white-space-collapse: preserve;\">Frank Grenda Rosenstr. 1 40479 D\u00fcsseldorf\u2028<Br>Wir sind nicht bereit oder verpflichtet, an Streitbeilegungsverfahren vor einer Verbraucherschlichtungsstelle teilzunehmen.<\/span>\t\t\t\t\t\t<\/div>\n\t\t\t\t<\/div>\n\t\t\t\t<div class=\"elementor-element elementor-element-6b8e004 elementor-widget elementor-widget-heading\" data-id=\"6b8e004\" data-element_type=\"widget\" data-widget_type=\"heading.default\">\n\t\t\t\t<div class=\"elementor-widget-container\">\n\t\t\t<h2 class=\"elementor-heading-title elementor-size-default\">Realisierung<\/h2>\t\t<\/div>\n\t\t\t\t<\/div>\n\t\t\t\t<div class=\"elementor-element elementor-element-13e8e8c elementor-widget elementor-widget-text-editor\" data-id=\"13e8e8c\" data-element_type=\"widget\" data-widget_type=\"text-editor.default\">\n\t\t\t\t<div class=\"elementor-widget-container\">\n\t\t\t\t\t\t\t<p>FG Webworks \u2013 D\u00fcsseldorf<\/p>\t\t\t\t\t\t<\/div>\n\t\t\t\t<\/div>\n\t\t\t\t<div class=\"elementor-element elementor-element-0aab116 elementor-widget elementor-widget-heading\" data-id=\"0aab116\" data-element_type=\"widget\" data-widget_type=\"heading.default\">\n\t\t\t\t<div class=\"elementor-widget-container\">\n\t\t\t<h2 class=\"elementor-heading-title elementor-size-default\">Haftung f\u00fcr Inhalte<\/h2>\t\t<\/div>\n\t\t\t\t<\/div>\n\t\t\t\t<div class=\"elementor-element elementor-element-9ed0956 elementor-widget elementor-widget-text-editor\" data-id=\"9ed0956\" data-element_type=\"widget\" data-widget_type=\"text-editor.default\">\n\t\t\t\t<div class=\"elementor-widget-container\">\n\t\t\t\t\t\t\t<p>Als Diensteanbieter sind wir gem\u00e4\u00df \u00a7 7 Abs.1 TMG f\u00fcr eigene Inhalte auf diesen Seiten nach den allgemeinen Gesetzen verantwortlich. Nach \u00a7\u00a7 8 bis 10 TMG sind wir als Diensteanbieter jedoch nicht verpflichtet, \u00fcbermittelte oder gespeicherte fremde Informationen zu \u00fcberwachen oder nach Umst\u00e4nden zu forschen, die auf eine rechtswidrige T\u00e4tigkeit hinweisen.<\/p>\t\t\t\t\t\t<\/div>\n\t\t\t\t<\/div>\n\t\t\t\t<div class=\"elementor-element elementor-element-80948a1 elementor-widget elementor-widget-text-editor\" data-id=\"80948a1\" data-element_type=\"widget\" data-widget_type=\"text-editor.default\">\n\t\t\t\t<div class=\"elementor-widget-container\">\n\t\t\t\t\t\t\t<p>Verpflichtungen zur Entfernung oder Sperrung der Nutzung von Informationen nach den allgemeinen Gesetzen bleiben hiervon unber\u00fchrt. Eine diesbez\u00fcgliche Haftung ist jedoch erst ab dem Zeitpunkt der Kenntnis einer konkreten Rechtsverletzung m\u00f6glich. Bei Bekanntwerden von entsprechenden Rechtsverletzungen werden wir diese Inhalte umgehend entfernen.<\/p>\t\t\t\t\t\t<\/div>\n\t\t\t\t<\/div>\n\t\t\t\t<div class=\"elementor-element elementor-element-4cda4f4 elementor-widget elementor-widget-heading\" data-id=\"4cda4f4\" data-element_type=\"widget\" data-widget_type=\"heading.default\">\n\t\t\t\t<div class=\"elementor-widget-container\">\n\t\t\t<h2 class=\"elementor-heading-title elementor-size-default\">Haftung f\u00fcr Links<\/h2>\t\t<\/div>\n\t\t\t\t<\/div>\n\t\t\t\t<div class=\"elementor-element elementor-element-5945982 elementor-widget elementor-widget-text-editor\" data-id=\"5945982\" data-element_type=\"widget\" data-widget_type=\"text-editor.default\">\n\t\t\t\t<div class=\"elementor-widget-container\">\n\t\t\t\t\t\t\t<p>Unser Angebot enth\u00e4lt Links zu externen Websites Dritter, auf deren Inhalte wir keinen Einfluss haben. Deshalb k\u00f6nnen wir f\u00fcr diese fremden Inhalte auch keine Gew\u00e4hr \u00fcbernehmen. F\u00fcr die Inhalte der verlinkten Seiten ist stets der jeweilige Anbieter oder Betreiber der Seiten verantwortlich. Die verlinkten Seiten wurden zum Zeitpunkt der Verlinkung auf m\u00f6gliche Rechtsverst\u00f6\u00dfe \u00fcberpr\u00fcft. Rechtswidrige Inhalte waren zum Zeitpunkt der Verlinkung nicht erkennbar<\/p>\t\t\t\t\t\t<\/div>\n\t\t\t\t<\/div>\n\t\t\t\t<div class=\"elementor-element elementor-element-45c974b elementor-widget elementor-widget-text-editor\" data-id=\"45c974b\" data-element_type=\"widget\" data-widget_type=\"text-editor.default\">\n\t\t\t\t<div class=\"elementor-widget-container\">\n\t\t\t\t\t\t\t<p>Eine permanente inhaltliche Kontrolle der verlinkten Seiten ist jedoch ohne konkrete Anhaltspunkte einer Rechtsverletzung nicht zumutbar. Bei Bekanntwerden von Rechtsverletzungen werden wir derartige Links umgehend entfernen.<\/p>\t\t\t\t\t\t<\/div>\n\t\t\t\t<\/div>\n\t\t\t\t<div class=\"elementor-element elementor-element-20bd515 elementor-widget elementor-widget-heading\" data-id=\"20bd515\" data-element_type=\"widget\" data-widget_type=\"heading.default\">\n\t\t\t\t<div class=\"elementor-widget-container\">\n\t\t\t<h2 class=\"elementor-heading-title elementor-size-default\">Urheberrecht<\/h2>\t\t<\/div>\n\t\t\t\t<\/div>\n\t\t\t\t<div class=\"elementor-element elementor-element-c1c9ff9 elementor-widget elementor-widget-text-editor\" data-id=\"c1c9ff9\" data-element_type=\"widget\" data-widget_type=\"text-editor.default\">\n\t\t\t\t<div class=\"elementor-widget-container\">\n\t\t\t\t\t\t\t<p>Die durch die Seitenbetreiber erstellten Inhalte und Werke auf diesen Seiten unterliegen dem deutschen Urheberrecht. Die Vervielf\u00e4ltigung, Bearbeitung, Verbreitung und jede Art der Verwertung au\u00dferhalb der Grenzen des Urheberrechtes bed\u00fcrfen der schriftlichen Zustimmung des jeweiligen Autors bzw. Erstellers. Downloads und Kopien dieser Seite sind nur f\u00fcr den privaten, nicht kommerziellen Gebrauch gestattet.<\/p>\t\t\t\t\t\t<\/div>\n\t\t\t\t<\/div>\n\t\t\t\t<div class=\"elementor-element elementor-element-786ac31 elementor-widget elementor-widget-text-editor\" data-id=\"786ac31\" data-element_type=\"widget\" data-widget_type=\"text-editor.default\">\n\t\t\t\t<div class=\"elementor-widget-container\">\n\t\t\t\t\t\t\t<p>Soweit die Inhalte auf dieser Seite nicht vom Betreiber erstellt wurden, werden die Urheberrechte Dritter beachtet. Insbesondere werden Inhalte Dritter als solche gekennzeichnet. Sollten Sie trotzdem auf eine Urheberrechtsverletzung aufmerksam werden, bitten wir um einen entsprechenden Hinweis. Bei Bekanntwerden von Rechtsverletzungen werden wir derartige Inhalte umgehend entfernen.<\/p>\t\t\t\t\t\t<\/div>\n\t\t\t\t<\/div>\n\t\t\t\t\t<\/div>\n\t\t<\/div>\n\t\t\t\t\t<\/div>\n\t\t<\/section>\n\t\t\t\t<\/div>\n\t\t","protected":false},"excerpt":{"rendered":"<p>Impressum Angaben gem\u00e4\u00df5 TMG Westdeutscher Cricket Verband e.V. c\/o Dr. Arun Kumar Kondadi Harffer Strasse 25 41469 Neuss Vereinsregister: VR 9895 Registergericht: Amtsgericht Bonn Vertreten durch Vorsitzender: Dr. Kondadi, Arun Kumar, Neuss stellvertretender Vorsitzender: Sardar, Omar, Duisburg Schatzmeister: Dhanawade, Nikhil Mansing, Meerbusch Eine E-Mail versenden Sprechen Sie mit unserem freundlichen Team. info@wdcv.de Unterst\u00fctzung Wir sind &#8230; <a title=\"Impressum\" class=\"read-more\" href=\"https:\/\/wdcv.sit-demo.net\/index.php\/impressum\/\" aria-label=\"Read more about Impressum\">Read more<\/a><\/p>\n","protected":false},"author":1,"featured_media":0,"parent":0,"menu_order":0,"comment_status":"closed","ping_status":"closed","template":"elementor_header_footer","meta":{"footnotes":""},"class_list":["post-112","page","type-page","status-publish"],"_links":{"self":[{"href":"https:\/\/wdcv.sit-demo.net\/index.php\/wp-json\/wp\/v2\/pages\/112","targetHints":{"allow":["GET"]}}],"collection":[{"href":"https:\/\/wdcv.sit-demo.net\/index.php\/wp-json\/wp\/v2\/pages"}],"about":[{"href":"https:\/\/wdcv.sit-demo.net\/index.php\/wp-json\/wp\/v2\/types\/page"}],"author":[{"embeddable":true,"href":"https:\/\/wdcv.sit-demo.net\/index.php\/wp-json\/wp\/v2\/users\/1"}],"replies":[{"embeddable":true,"href":"https:\/\/wdcv.sit-demo.net\/index.php\/wp-json\/wp\/v2\/comments?post=112"}],"version-history":[{"count":13,"href":"https:\/\/wdcv.sit-demo.net\/index.php\/wp-json\/wp\/v2\/pages\/112\/revisions"}],"predecessor-version":[{"id":668,"href":"https:\/\/wdcv.sit-demo.net\/index.php\/wp-json\/wp\/v2\/pages\/112\/revisions\/668"}],"wp:attachment":[{"href":"https:\/\/wdcv.sit-demo.net\/index.php\/wp-json\/wp\/v2\/media?parent=112"}],"curies":[{"name":"wp","href":"https:\/\/api.w.org\/{rel}","templated":true}]}}