{"id":127,"date":"2024-12-11T13:04:36","date_gmt":"2024-12-11T13:04:36","guid":{"rendered":"https:\/\/wdcv.sit-demo.net\/?page_id=127"},"modified":"2024-12-20T08:05:44","modified_gmt":"2024-12-20T08:05:44","slug":"satzung","status":"publish","type":"page","link":"https:\/\/wdcv.sit-demo.net\/index.php\/satzung\/","title":{"rendered":"Satzung"},"content":{"rendered":"\t\t<div data-elementor-type=\"wp-page\" data-elementor-id=\"127\" class=\"elementor elementor-127\" data-elementor-post-type=\"page\">\n\t\t\t\t\t\t<section class=\"elementor-section elementor-top-section elementor-element elementor-element-e138b74 elementor-section-height-min-height elementor-section-boxed elementor-section-height-default elementor-section-items-middle\" data-id=\"e138b74\" data-element_type=\"section\" data-settings=\"{&quot;background_background&quot;:&quot;classic&quot;}\">\n\t\t\t\t\t\t<div class=\"elementor-container elementor-column-gap-default\">\n\t\t\t\t\t<div class=\"elementor-column elementor-col-100 elementor-top-column elementor-element elementor-element-fb33631\" data-id=\"fb33631\" data-element_type=\"column\">\n\t\t\t<div class=\"elementor-widget-wrap elementor-element-populated\">\n\t\t\t\t\t\t<div class=\"elementor-element elementor-element-b1d2055 elementor-widget elementor-widget-heading\" data-id=\"b1d2055\" data-element_type=\"widget\" data-widget_type=\"heading.default\">\n\t\t\t\t<div class=\"elementor-widget-container\">\n\t\t\t<h2 class=\"elementor-heading-title elementor-size-default\">Satzung<\/h2>\t\t<\/div>\n\t\t\t\t<\/div>\n\t\t\t\t\t<\/div>\n\t\t<\/div>\n\t\t\t\t\t<\/div>\n\t\t<\/section>\n\t\t\t\t<section class=\"elementor-section elementor-top-section elementor-element elementor-element-78a9221 elementor-section-boxed elementor-section-height-default elementor-section-height-default\" data-id=\"78a9221\" data-element_type=\"section\" data-settings=\"{&quot;background_background&quot;:&quot;classic&quot;}\">\n\t\t\t\t\t\t<div class=\"elementor-container elementor-column-gap-default\">\n\t\t\t\t\t<div class=\"elementor-column elementor-col-100 elementor-top-column elementor-element elementor-element-8559fc7\" data-id=\"8559fc7\" data-element_type=\"column\">\n\t\t\t<div class=\"elementor-widget-wrap elementor-element-populated\">\n\t\t\t\t\t\t<div class=\"elementor-element elementor-element-ba6dee8 elementor-widget elementor-widget-heading\" data-id=\"ba6dee8\" data-element_type=\"widget\" data-widget_type=\"heading.default\">\n\t\t\t\t<div class=\"elementor-widget-container\">\n\t\t\t<h2 class=\"elementor-heading-title elementor-size-default\">Name, Sitz und Gesch\u00e4ftsjahr<\/h2>\t\t<\/div>\n\t\t\t\t<\/div>\n\t\t\t\t<div class=\"elementor-element elementor-element-fb99f98 elementor-icon-list--layout-traditional elementor-list-item-link-full_width elementor-widget elementor-widget-icon-list\" data-id=\"fb99f98\" data-element_type=\"widget\" data-widget_type=\"icon-list.default\">\n\t\t\t\t<div class=\"elementor-widget-container\">\n\t\t\t\t\t<ul class=\"elementor-icon-list-items\">\n\t\t\t\t\t\t\t<li class=\"elementor-icon-list-item\">\n\t\t\t\t\t\t\t\t\t\t<span class=\"elementor-icon-list-text\">1. Der Verband f\u00fchrt den Namen Westdeutscher Cricket Verband (abgek\u00fcrzt WDCV). Er ist in das Vereinsregister des Amtsgerichts Bonn eingetragen.<\/span>\n\t\t\t\t\t\t\t\t\t<\/li>\n\t\t\t\t\t\t\t\t<li class=\"elementor-icon-list-item\">\n\t\t\t\t\t\t\t\t\t\t<span class=\"elementor-icon-list-text\">2. Satzungs- und Verwaltungssitz ist Bonn.<\/span>\n\t\t\t\t\t\t\t\t\t<\/li>\n\t\t\t\t\t\t\t\t<li class=\"elementor-icon-list-item\">\n\t\t\t\t\t\t\t\t\t\t<span class=\"elementor-icon-list-text\">3. Gesch\u00e4ftsjahr ist das Kalenderjahr<\/span>\n\t\t\t\t\t\t\t\t\t<\/li>\n\t\t\t\t\t\t<\/ul>\n\t\t\t\t<\/div>\n\t\t\t\t<\/div>\n\t\t\t\t<div class=\"elementor-element elementor-element-154d42a elementor-widget elementor-widget-heading\" data-id=\"154d42a\" data-element_type=\"widget\" data-widget_type=\"heading.default\">\n\t\t\t\t<div class=\"elementor-widget-container\">\n\t\t\t<h2 class=\"elementor-heading-title elementor-size-default\">Vertreten durch<\/h2>\t\t<\/div>\n\t\t\t\t<\/div>\n\t\t\t\t<div class=\"elementor-element elementor-element-d4de767 elementor-icon-list--layout-traditional elementor-list-item-link-full_width elementor-widget elementor-widget-icon-list\" data-id=\"d4de767\" data-element_type=\"widget\" data-widget_type=\"icon-list.default\">\n\t\t\t\t<div class=\"elementor-widget-container\">\n\t\t\t\t\t<ul class=\"elementor-icon-list-items\">\n\t\t\t\t\t\t\t<li class=\"elementor-icon-list-item\">\n\t\t\t\t\t\t\t\t\t\t<span class=\"elementor-icon-list-text\">Vorsitzender: Dr. Kondadi, Arun Kumar, Neuss<\/span>\n\t\t\t\t\t\t\t\t\t<\/li>\n\t\t\t\t\t\t\t\t<li class=\"elementor-icon-list-item\">\n\t\t\t\t\t\t\t\t\t\t<span class=\"elementor-icon-list-text\">stellvertretender Vorsitzender: Sardar, Omar, Duisburg<\/span>\n\t\t\t\t\t\t\t\t\t<\/li>\n\t\t\t\t\t\t\t\t<li class=\"elementor-icon-list-item\">\n\t\t\t\t\t\t\t\t\t\t<span class=\"elementor-icon-list-text\">Schatzmeister: Dhanawade, Nikhil Mansing, Meerbusch<\/span>\n\t\t\t\t\t\t\t\t\t<\/li>\n\t\t\t\t\t\t<\/ul>\n\t\t\t\t<\/div>\n\t\t\t\t<\/div>\n\t\t\t\t<div class=\"elementor-element elementor-element-f3b276e elementor-widget elementor-widget-heading\" data-id=\"f3b276e\" data-element_type=\"widget\" data-widget_type=\"heading.default\">\n\t\t\t\t<div class=\"elementor-widget-container\">\n\t\t\t<h2 class=\"elementor-heading-title elementor-size-default\">Zweck und Aufgabe des Verbands<\/h2>\t\t<\/div>\n\t\t\t\t<\/div>\n\t\t\t\t<div class=\"elementor-element elementor-element-a3e09f9 elementor-widget elementor-widget-text-editor\" data-id=\"a3e09f9\" data-element_type=\"widget\" data-widget_type=\"text-editor.default\">\n\t\t\t\t<div class=\"elementor-widget-container\">\n\t\t\t\t\t\t\t<ol><li>Der Verband verfolgt ausschlie\u00dflich und unmittelbar gemeinn\u00fctzige Zwecke i.S.d. Ab- schnitts \u201eSteuerbeg\u00fcnstigte Zwecke\u201c der Abgabenordnung. Der Verband ist selbstlos t\u00e4tig; er verfolgt nicht in erster Linie eigenwirtschaftliche Zwecke. Der Zweck des Verbandes ist die F\u00f6rderung und Verbreitung des Cricketsports in Nordrhein-Westfalen. Der Zweck wird durch die F\u00f6rderung sportlicher \u00dcbungen und Leistungen verwirklicht. Die Mitglieder sind berechtigt am regelm\u00e4\u00dfigen Training und an Wettk\u00e4mpfen teilzunehmen. Der Zweck wird insbesondere verwirklicht durch<ul><li>die Organisation des Spielbetriebs der angeschlossenen Cricketvereine auf Regionalebene, unter Anerkennung der von dem\u00a0DCB vorgegebenen Ordnungen und Richtlinien<\/li><li>die Unterst\u00fctzung des Breitensports<\/li><li>die F\u00f6rderung des Leistungssports und<\/li><li>die Vertretung der sportlichen Interessen der angeschlossenen Cricketvereine<\/li><\/ul><\/li><li>Mittel des Verbands d\u00fcrfen nur f\u00fcr satzungsm\u00e4\u00dfige Zwecke verwendet werden.<\/li><li>Es darf keine Person durch Ausgaben, die dem\u00a0Zweck des Verbands fremd sind, oder durch unverh\u00e4ltnism\u00e4\u00dfig hohe Verg\u00fctungen beg\u00fcnstigt werden.<\/li><li>Die Mitglieder erhalten keine Zuwendungen aus Mitteln der K\u00f6rperschaft<\/li><\/ol>\t\t\t\t\t\t<\/div>\n\t\t\t\t<\/div>\n\t\t\t\t<div class=\"elementor-element elementor-element-dbeedff elementor-widget elementor-widget-heading\" data-id=\"dbeedff\" data-element_type=\"widget\" data-widget_type=\"heading.default\">\n\t\t\t\t<div class=\"elementor-widget-container\">\n\t\t\t<h2 class=\"elementor-heading-title elementor-size-default\">Zust\u00e4ndigkeit<\/h2>\t\t<\/div>\n\t\t\t\t<\/div>\n\t\t\t\t<div class=\"elementor-element elementor-element-6959f01 elementor-widget elementor-widget-text-editor\" data-id=\"6959f01\" data-element_type=\"widget\" data-widget_type=\"text-editor.default\">\n\t\t\t\t<div class=\"elementor-widget-container\">\n\t\t\t\t\t\t\t<ol><li>Der WDCV ist f\u00fcr seine Mitglieder als Verband befugt, ihre sportlichen Interessen auf regionaler und nationaler Ebene zu vertreten.<\/li><li>Der WDCV ist der Dachverband f\u00fcr den Cricketsport in Nordrhein-Westfalen.<\/li><li>Der WDCV ist Mitglied des Deutschen Cricket Bunds.<\/li><li>Der WDCV ist Vertretung des DCB Deutschen Cricket Bundes in Nordrhein-Westfalen.<\/li><li>Der WDCV ist f\u00fcr die Durchf\u00fchrung und Organisation von Cricketturnieren und meisterschaften auf Regionalebene zust\u00e4ndig.<\/li><\/ol>\t\t\t\t\t\t<\/div>\n\t\t\t\t<\/div>\n\t\t\t\t<div class=\"elementor-element elementor-element-eea7f6b elementor-widget elementor-widget-heading\" data-id=\"eea7f6b\" data-element_type=\"widget\" data-widget_type=\"heading.default\">\n\t\t\t\t<div class=\"elementor-widget-container\">\n\t\t\t<h2 class=\"elementor-heading-title elementor-size-default\">Mitglieder und Stimmrecht<\/h2>\t\t<\/div>\n\t\t\t\t<\/div>\n\t\t\t\t<div class=\"elementor-element elementor-element-8df041b elementor-widget elementor-widget-text-editor\" data-id=\"8df041b\" data-element_type=\"widget\" data-widget_type=\"text-editor.default\">\n\t\t\t\t<div class=\"elementor-widget-container\">\n\t\t\t\t\t\t\t<ol>\n \t<li>Der SCV besteht aus den ordentlichen Mitgliedern, den Ehrenmitgliedern und den Gastmitgliedern.<\/li>\n \t<li>Ordentliche Mitglieder k\u00f6nnen<\/li>\n<ul>\n \t<li>nat\u00fcrliche Personen, welche den WDCV gegr\u00fcndet haben,<\/li>\n \t<li>eingetragene Vereine, die als gemeinn\u00fctzig anerkannt und Mitglieder im Deutschen Cricket Bund sind,<\/li>\n \t<li>nat\u00fcrliche Personen, die eine nichtrechtsf\u00e4hige Gruppe repr\u00e4sentieren (z.B. Schulen, Clubs der britischen Streitkr\u00e4fte)<\/li>\n \t<li>den Cricketsport betreiben,<\/li>\n \t<li>ihren Sitz in Nordrhein-Westfalen haben und,<\/li>\n \t<li>Mitglied im\u00a0Deutschen Cricket Bund sind.<\/li>\n<\/ul>\n<li>Der SCV besteht aus den ordentlichen Mitgliedern, den Ehrenmitgliedern und den Gastmitgliedern.<\/li>\n<li>Ordentliche Mitglieder k\u00f6nnen<\/li>\n<\/ol>\t\t\t\t\t\t<\/div>\n\t\t\t\t<\/div>\n\t\t\t\t<div class=\"elementor-element elementor-element-1847bd1 elementor-widget elementor-widget-heading\" data-id=\"1847bd1\" data-element_type=\"widget\" data-widget_type=\"heading.default\">\n\t\t\t\t<div class=\"elementor-widget-container\">\n\t\t\t<h2 class=\"elementor-heading-title elementor-size-default\">Erwerb der Mitgliedschaft<\/h2>\t\t<\/div>\n\t\t\t\t<\/div>\n\t\t\t\t<div class=\"elementor-element elementor-element-f88d711 elementor-widget elementor-widget-text-editor\" data-id=\"f88d711\" data-element_type=\"widget\" data-widget_type=\"text-editor.default\">\n\t\t\t\t<div class=\"elementor-widget-container\">\n\t\t\t\t\t\t\t<ol><li>Die Mitgliedschaft ist schriftlich unter Anerkennung der Alleinzust\u00e4ndigkeit des Verbands nach \u00a7 3 beim\u00a0Vorstand zu beantragen. Soweit eine Gastmitgliedschaft beantragt wird, bedarf es keiner solchen Anerkennung. Beitretende Vereine\u00a0m\u00fcssen ihre Gemeinn\u00fctzigkeit nachweisen.<\/li><li>Der Vorstand entscheidet \u00fcber die Aufnahme eines Mitglieds nach freiem\u00a0Ermessen\u00a0mit einfacher Mehrheit. Die Mitgliedschaft beginnt\u00a0mit dem\u00a0Tag der Beschlussfassung \u00fcber die Aufnahme.<\/li><li>Bei Ablehnung des Antrags ist der Vorstand nicht verpflichtet, dem\u00a0Antragsteller die Gr\u00fcnde f\u00fcr seine Entscheidung\u00a0mitzuteilen. Der Antragsteller kann gegen die Entscheidung schriftlich Einspruch einlegen. Der Einspruch ist an den Vorstand zu richten, der den Einspruch der n\u00e4chsten Mitgliederversammlung vorlegt. Die Mitgliederversammlung entscheidet abschlie\u00dfend \u00fcber die Aufnahme.<\/li><li>Personen, die sich um\u00a0den Cricketsport besonders verdient gemacht haben, k\u00f6nnen auf Vorschlag von Verbands- oder Vorstandesmitgliedern durch Beschluss der Mitglieder- versammlung zu Ehrenmitgliedern ernannt werden. Ehrenmitglieder sind beitragsfrei<\/li><\/ol>\t\t\t\t\t\t<\/div>\n\t\t\t\t<\/div>\n\t\t\t\t<div class=\"elementor-element elementor-element-dbb37e5 elementor-widget elementor-widget-heading\" data-id=\"dbb37e5\" data-element_type=\"widget\" data-widget_type=\"heading.default\">\n\t\t\t\t<div class=\"elementor-widget-container\">\n\t\t\t<h2 class=\"elementor-heading-title elementor-size-default\">Mitglieder und Stimmrecht<\/h2>\t\t<\/div>\n\t\t\t\t<\/div>\n\t\t\t\t<div class=\"elementor-element elementor-element-90eba69 elementor-widget elementor-widget-text-editor\" data-id=\"90eba69\" data-element_type=\"widget\" data-widget_type=\"text-editor.default\">\n\t\t\t\t<div class=\"elementor-widget-container\">\n\t\t\t\t\t\t\t<ol>\n \t<li>Die Mitgliedschaft wird beendet<\/li>\n<ul>\n \t<li>bei nat\u00fcrlichen Personen durch Tod,<\/li>\n \t<li>bei juristischen Personen, Regionalverb\u00e4nden und Vereinen durch deren Aufl\u00f6sung oder durch den Verlust der Rechtsf\u00e4higkeit,<\/li>\n \t<li>durch schriftliche K\u00fcndigung des Mitglieds gegen\u00fcber einem\u00a0Vorstandsmitglied\u00a0mit einer Frist von drei Monaten zum\u00a0Ende des Kalenderjahres,<\/li>\n \t<li>bei Gastmitgliedern durch Ablauf der Probezeit,<\/li>\n \t<li>durch Ausschluss auf Beschluss des Vorstands,<\/li>\n \t<li>durch Streichung von der Mitgliederliste oder<\/li>\n \t<li>durch L\u00f6schung des Verbands,<\/li>\n \t<li>unmittelbar bei Aberkennung der Gemeinn\u00fctzigkeit eines Mitgliedsvereines.<\/li>\n<\/ul>\n<li>Mit der Beendigung der Mitgliedschaft erl\u00f6schen die Mitgliedschaftsrechte.<\/li>\n<\/ol>\t\t\t\t\t\t<\/div>\n\t\t\t\t<\/div>\n\t\t\t\t\t<\/div>\n\t\t<\/div>\n\t\t\t\t\t<\/div>\n\t\t<\/section>\n\t\t\t\t<\/div>\n\t\t","protected":false},"excerpt":{"rendered":"<p>Satzung Name, Sitz und Gesch\u00e4ftsjahr 1. Der Verband f\u00fchrt den Namen Westdeutscher Cricket Verband (abgek\u00fcrzt WDCV). Er ist in das Vereinsregister des Amtsgerichts Bonn eingetragen. 2. Satzungs- und Verwaltungssitz ist Bonn. 3. Gesch\u00e4ftsjahr ist das Kalenderjahr Vertreten durch Vorsitzender: Dr. Kondadi, Arun Kumar, Neuss stellvertretender Vorsitzender: Sardar, Omar, Duisburg Schatzmeister: Dhanawade, Nikhil Mansing, Meerbusch Zweck &#8230; <a title=\"Satzung\" class=\"read-more\" href=\"https:\/\/wdcv.sit-demo.net\/index.php\/satzung\/\" aria-label=\"Read more about Satzung\">Read more<\/a><\/p>\n","protected":false},"author":1,"featured_media":0,"parent":0,"menu_order":0,"comment_status":"closed","ping_status":"closed","template":"elementor_header_footer","meta":{"footnotes":""},"class_list":["post-127","page","type-page","status-publish"],"_links":{"self":[{"href":"https:\/\/wdcv.sit-demo.net\/index.php\/wp-json\/wp\/v2\/pages\/127","targetHints":{"allow":["GET"]}}],"collection":[{"href":"https:\/\/wdcv.sit-demo.net\/index.php\/wp-json\/wp\/v2\/pages"}],"about":[{"href":"https:\/\/wdcv.sit-demo.net\/index.php\/wp-json\/wp\/v2\/types\/page"}],"author":[{"embeddable":true,"href":"https:\/\/wdcv.sit-demo.net\/index.php\/wp-json\/wp\/v2\/users\/1"}],"replies":[{"embeddable":true,"href":"https:\/\/wdcv.sit-demo.net\/index.php\/wp-json\/wp\/v2\/comments?post=127"}],"version-history":[{"count":7,"href":"https:\/\/wdcv.sit-demo.net\/index.php\/wp-json\/wp\/v2\/pages\/127\/revisions"}],"predecessor-version":[{"id":671,"href":"https:\/\/wdcv.sit-demo.net\/index.php\/wp-json\/wp\/v2\/pages\/127\/revisions\/671"}],"wp:attachment":[{"href":"https:\/\/wdcv.sit-demo.net\/index.php\/wp-json\/wp\/v2\/media?parent=127"}],"curies":[{"name":"wp","href":"https:\/\/api.w.org\/{rel}","templated":true}]}}