{"id":327,"date":"2024-12-16T09:42:20","date_gmt":"2024-12-16T09:42:20","guid":{"rendered":"https:\/\/wdcv.sit-demo.net\/?page_id=327"},"modified":"2024-12-20T08:14:27","modified_gmt":"2024-12-20T08:14:27","slug":"unterstutzung","status":"publish","type":"page","link":"https:\/\/wdcv.sit-demo.net\/index.php\/unterstutzung\/","title":{"rendered":"Unterstutzung"},"content":{"rendered":"\t\t<div data-elementor-type=\"wp-page\" data-elementor-id=\"327\" class=\"elementor elementor-327\" data-elementor-post-type=\"page\">\n\t\t\t\t\t\t<section class=\"elementor-section elementor-top-section elementor-element elementor-element-2c88f25 elementor-section-height-min-height elementor-section-boxed elementor-section-height-default elementor-section-items-middle\" data-id=\"2c88f25\" data-element_type=\"section\" data-settings=\"{&quot;background_background&quot;:&quot;classic&quot;}\">\n\t\t\t\t\t\t<div class=\"elementor-container elementor-column-gap-default\">\n\t\t\t\t\t<div class=\"elementor-column elementor-col-100 elementor-top-column elementor-element elementor-element-86d4349\" data-id=\"86d4349\" data-element_type=\"column\">\n\t\t\t<div class=\"elementor-widget-wrap elementor-element-populated\">\n\t\t\t\t\t\t<div class=\"elementor-element elementor-element-38afbd2 elementor-widget elementor-widget-heading\" data-id=\"38afbd2\" data-element_type=\"widget\" data-widget_type=\"heading.default\">\n\t\t\t\t<div class=\"elementor-widget-container\">\n\t\t\t<h2 class=\"elementor-heading-title elementor-size-default\">Gelsencup 2020<\/h2>\t\t<\/div>\n\t\t\t\t<\/div>\n\t\t\t\t\t<\/div>\n\t\t<\/div>\n\t\t\t\t\t<\/div>\n\t\t<\/section>\n\t\t\t\t<section class=\"elementor-section elementor-top-section elementor-element elementor-element-966b0c5 elementor-section-boxed elementor-section-height-default elementor-section-height-default\" data-id=\"966b0c5\" data-element_type=\"section\" data-settings=\"{&quot;background_background&quot;:&quot;classic&quot;}\">\n\t\t\t\t\t\t<div class=\"elementor-container elementor-column-gap-default\">\n\t\t\t\t\t<div class=\"elementor-column elementor-col-100 elementor-top-column elementor-element elementor-element-2c7bbf0\" data-id=\"2c7bbf0\" data-element_type=\"column\">\n\t\t\t<div class=\"elementor-widget-wrap elementor-element-populated\">\n\t\t\t\t\t\t<section class=\"elementor-section elementor-inner-section elementor-element elementor-element-5224089 elementor-section-boxed elementor-section-height-default elementor-section-height-default\" data-id=\"5224089\" data-element_type=\"section\">\n\t\t\t\t\t\t<div class=\"elementor-container elementor-column-gap-default\">\n\t\t\t\t\t<div class=\"elementor-column elementor-col-50 elementor-inner-column elementor-element elementor-element-9b91282\" data-id=\"9b91282\" data-element_type=\"column\">\n\t\t\t<div class=\"elementor-widget-wrap elementor-element-populated\">\n\t\t\t\t\t\t<div class=\"elementor-element elementor-element-19c58ca elementor-widget elementor-widget-heading\" data-id=\"19c58ca\" data-element_type=\"widget\" data-widget_type=\"heading.default\">\n\t\t\t\t<div class=\"elementor-widget-container\">\n\t\t\t<h2 class=\"elementor-heading-title elementor-size-default\">Unterst\u00fctzung<\/h2>\t\t<\/div>\n\t\t\t\t<\/div>\n\t\t\t\t<div class=\"elementor-element elementor-element-6f6216b elementor-widget elementor-widget-text-editor\" data-id=\"6f6216b\" data-element_type=\"widget\" data-widget_type=\"text-editor.default\">\n\t\t\t\t<div class=\"elementor-widget-container\">\n\t\t\t\t\t\t\t<p>HELFEN PER CRICKET-SMS<br \/>Schnell und nachhaltig von unterwegs Unterst\u00fctzen! So einfach geht \u0301s<\/p>\t\t\t\t\t\t<\/div>\n\t\t\t\t<\/div>\n\t\t\t\t<div class=\"elementor-element elementor-element-722c155 elementor-widget elementor-widget-text-editor\" data-id=\"722c155\" data-element_type=\"widget\" data-widget_type=\"text-editor.default\">\n\t\t\t\t<div class=\"elementor-widget-container\">\n\t\t\t\t\t\t\t<p>Schicken Sie eine SMS mit dem Kennwort\u00a0CRICKET\u00a0an die Kurzwahl 81190. Sie erhalten sofort eine kostenlose Best\u00e4tigungs-SMS. So wissen Sie, dass Ihre Hilfe auch angekommen ist. \u00dcber die n\u00e4chste Handyrechnung bzw. Ihr Prepaid-Guthaben, werden Ihnen 5 \u20ac zzgl. der Standard-SMS-Versandkosten Ihres Mobilfunkanbieters berechnet.<\/p>\t\t\t\t\t\t<\/div>\n\t\t\t\t<\/div>\n\t\t\t\t\t<\/div>\n\t\t<\/div>\n\t\t\t\t<div class=\"elementor-column elementor-col-50 elementor-inner-column elementor-element elementor-element-cf25762\" data-id=\"cf25762\" data-element_type=\"column\">\n\t\t\t<div class=\"elementor-widget-wrap elementor-element-populated\">\n\t\t\t\t\t\t<div class=\"elementor-element elementor-element-c536446 elementor-widget elementor-widget-image\" data-id=\"c536446\" data-element_type=\"widget\" data-widget_type=\"image.default\">\n\t\t\t\t<div class=\"elementor-widget-container\">\n\t\t\t\t\t\t\t\t\t\t\t\t\t<img fetchpriority=\"high\" decoding=\"async\" width=\"589\" height=\"328\" src=\"https:\/\/wdcv.sit-demo.net\/wp-content\/uploads\/2024\/12\/Group-1-1.svg\" class=\"attachment-large size-large wp-image-405\" alt=\"\" \/>\t\t\t\t\t\t\t\t\t\t\t\t\t<\/div>\n\t\t\t\t<\/div>\n\t\t\t\t\t<\/div>\n\t\t<\/div>\n\t\t\t\t\t<\/div>\n\t\t<\/section>\n\t\t\t\t<div class=\"elementor-element elementor-element-5da4fd2 elementor-widget elementor-widget-text-editor\" data-id=\"5da4fd2\" data-element_type=\"widget\" data-widget_type=\"text-editor.default\">\n\t\t\t\t<div class=\"elementor-widget-container\">\n\t\t\t\t\t\t\t<p>F\u00fcr jede SMS \u00fcber 5 \u20ac erh\u00e4lt die Westdeutsche Cricket Verband e.V. (5,- \u20ac abzgl. 0,17 \u20ac) \u20ac. Herzlichen Dank f\u00fcr Ihre Hilfe! Wir werden \u00fcber die Gesamteing\u00e4nge regelm\u00e4\u00dfig berichten und die Betr\u00e4ge f\u00fcr die Weiterentwicklung des Cricketsportes in Deutschland einsetzen.\u2028<\/p>\t\t\t\t\t\t<\/div>\n\t\t\t\t<\/div>\n\t\t\t\t<div class=\"elementor-element elementor-element-bd40332 elementor-widget elementor-widget-text-editor\" data-id=\"bd40332\" data-element_type=\"widget\" data-widget_type=\"text-editor.default\">\n\t\t\t\t<div class=\"elementor-widget-container\">\n\t\t\t\t\t\t\t<p>Hinweis: F\u00fcr Unterst\u00fctzungen per SMS kann Ihnen leider keine Spendenquittung ausgestellt werden. Bitte beachten Sie auch, dass nicht alle Mobilfunkanbieter die CRICKET-SMS, bzw. das \u201emobile zahlen\u201c unterst\u00fctzen. So kann es z.B. bei Prepaid- oder Gesch\u00e4ftshandys zu Problemen kommen. Bitte wenden Sie sich in diesem Fall direkt an Ihren Mobilfunk-Anbieter.<\/p>\t\t\t\t\t\t<\/div>\n\t\t\t\t<\/div>\n\t\t\t\t\t<\/div>\n\t\t<\/div>\n\t\t\t\t\t<\/div>\n\t\t<\/section>\n\t\t\t\t<\/div>\n\t\t","protected":false},"excerpt":{"rendered":"<p>Gelsencup 2020 Unterst\u00fctzung HELFEN PER CRICKET-SMSSchnell und nachhaltig von unterwegs Unterst\u00fctzen! So einfach geht \u0301s Schicken Sie eine SMS mit dem Kennwort\u00a0CRICKET\u00a0an die Kurzwahl 81190. Sie erhalten sofort eine kostenlose Best\u00e4tigungs-SMS. So wissen Sie, dass Ihre Hilfe auch angekommen ist. \u00dcber die n\u00e4chste Handyrechnung bzw. Ihr Prepaid-Guthaben, werden Ihnen 5 \u20ac zzgl. der Standard-SMS-Versandkosten Ihres &#8230; <a title=\"Unterstutzung\" class=\"read-more\" href=\"https:\/\/wdcv.sit-demo.net\/index.php\/unterstutzung\/\" aria-label=\"Read more about Unterstutzung\">Read more<\/a><\/p>\n","protected":false},"author":1,"featured_media":0,"parent":0,"menu_order":0,"comment_status":"closed","ping_status":"closed","template":"elementor_header_footer","meta":{"footnotes":""},"class_list":["post-327","page","type-page","status-publish"],"_links":{"self":[{"href":"https:\/\/wdcv.sit-demo.net\/index.php\/wp-json\/wp\/v2\/pages\/327","targetHints":{"allow":["GET"]}}],"collection":[{"href":"https:\/\/wdcv.sit-demo.net\/index.php\/wp-json\/wp\/v2\/pages"}],"about":[{"href":"https:\/\/wdcv.sit-demo.net\/index.php\/wp-json\/wp\/v2\/types\/page"}],"author":[{"embeddable":true,"href":"https:\/\/wdcv.sit-demo.net\/index.php\/wp-json\/wp\/v2\/users\/1"}],"replies":[{"embeddable":true,"href":"https:\/\/wdcv.sit-demo.net\/index.php\/wp-json\/wp\/v2\/comments?post=327"}],"version-history":[{"count":16,"href":"https:\/\/wdcv.sit-demo.net\/index.php\/wp-json\/wp\/v2\/pages\/327\/revisions"}],"predecessor-version":[{"id":704,"href":"https:\/\/wdcv.sit-demo.net\/index.php\/wp-json\/wp\/v2\/pages\/327\/revisions\/704"}],"wp:attachment":[{"href":"https:\/\/wdcv.sit-demo.net\/index.php\/wp-json\/wp\/v2\/media?parent=327"}],"curies":[{"name":"wp","href":"https:\/\/api.w.org\/{rel}","templated":true}]}}