{"id":99,"date":"2024-12-11T11:54:10","date_gmt":"2024-12-11T11:54:10","guid":{"rendered":"https:\/\/wdcv.sit-demo.net\/?page_id=99"},"modified":"2024-12-20T08:09:04","modified_gmt":"2024-12-20T08:09:04","slug":"mitgliedschaft","status":"publish","type":"page","link":"https:\/\/wdcv.sit-demo.net\/index.php\/mitgliedschaft\/","title":{"rendered":"Mitgliedschaft"},"content":{"rendered":"\t\t<div data-elementor-type=\"wp-page\" data-elementor-id=\"99\" class=\"elementor elementor-99\" data-elementor-post-type=\"page\">\n\t\t\t\t\t\t<section class=\"elementor-section elementor-top-section elementor-element elementor-element-2a13832 elementor-section-height-min-height elementor-section-boxed elementor-section-height-default elementor-section-items-middle\" data-id=\"2a13832\" data-element_type=\"section\" data-settings=\"{&quot;background_background&quot;:&quot;classic&quot;}\">\n\t\t\t\t\t\t<div class=\"elementor-container elementor-column-gap-default\">\n\t\t\t\t\t<div class=\"elementor-column elementor-col-100 elementor-top-column elementor-element elementor-element-80b6f2d\" data-id=\"80b6f2d\" data-element_type=\"column\">\n\t\t\t<div class=\"elementor-widget-wrap elementor-element-populated\">\n\t\t\t\t\t\t<div class=\"elementor-element elementor-element-730625b elementor-widget elementor-widget-heading\" data-id=\"730625b\" data-element_type=\"widget\" data-widget_type=\"heading.default\">\n\t\t\t\t<div class=\"elementor-widget-container\">\n\t\t\t<h2 class=\"elementor-heading-title elementor-size-default\">Mitgliedschaft<\/h2>\t\t<\/div>\n\t\t\t\t<\/div>\n\t\t\t\t\t<\/div>\n\t\t<\/div>\n\t\t\t\t\t<\/div>\n\t\t<\/section>\n\t\t\t\t<section class=\"elementor-section elementor-top-section elementor-element elementor-element-0374fb7 elementor-section-boxed elementor-section-height-default elementor-section-height-default\" data-id=\"0374fb7\" data-element_type=\"section\" data-settings=\"{&quot;background_background&quot;:&quot;classic&quot;}\">\n\t\t\t\t\t\t<div class=\"elementor-container elementor-column-gap-default\">\n\t\t\t\t\t<div class=\"elementor-column elementor-col-100 elementor-top-column elementor-element elementor-element-6591cb5\" data-id=\"6591cb5\" data-element_type=\"column\">\n\t\t\t<div class=\"elementor-widget-wrap elementor-element-populated\">\n\t\t\t\t\t\t<div class=\"elementor-element elementor-element-1bee534 elementor-widget elementor-widget-heading\" data-id=\"1bee534\" data-element_type=\"widget\" data-widget_type=\"heading.default\">\n\t\t\t\t<div class=\"elementor-widget-container\">\n\t\t\t<h2 class=\"elementor-heading-title elementor-size-default\">Alle eingetragene Vereine sowie Mannschaften die den Cricketsport in Nordrhein Westfalen aktiv betreiben\/unterst\u00fctzen m\u00f6chten k\u00f6nnen sich beim Westdeutschen Cricket Verband anmelden.<\/h2>\t\t<\/div>\n\t\t\t\t<\/div>\n\t\t\t\t<div class=\"elementor-element elementor-element-93603a0 elementor-widget elementor-widget-heading\" data-id=\"93603a0\" data-element_type=\"widget\" data-widget_type=\"heading.default\">\n\t\t\t\t<div class=\"elementor-widget-container\">\n\t\t\t<h2 class=\"elementor-heading-title elementor-size-default\">Der aktuelle Jahresbeitrag betr\u00e4gt 75 \u20ac im Jahr<\/h2>\t\t<\/div>\n\t\t\t\t<\/div>\n\t\t\t\t<div class=\"elementor-element elementor-element-b70d285 elementor-widget elementor-widget-button\" data-id=\"b70d285\" data-element_type=\"widget\" data-widget_type=\"button.default\">\n\t\t\t\t<div class=\"elementor-widget-container\">\n\t\t\t\t\t\t\t<div class=\"elementor-button-wrapper\">\n\t\t\t\t\t<a class=\"elementor-button elementor-button-link elementor-size-sm\" href=\"#\">\n\t\t\t\t\t\t<span class=\"elementor-button-content-wrapper\">\n\t\t\t\t\t\t<span class=\"elementor-button-icon\">\n\t\t\t\t<svg xmlns=\"http:\/\/www.w3.org\/2000\/svg\" width=\"32\" height=\"32\" viewBox=\"0 0 32 32\" fill=\"none\"><path d=\"M28.0001 31.4H8.8001C7.36416 31.4 6.2001 30.2359 6.2001 28.8V3.2C6.2001 1.76406 7.36416 0.6 8.8001 0.6H21.6001C21.6971 0.6 21.7901 0.638528 21.8587 0.707107L30.493 9.34142C30.5616 9.41 30.6001 9.50301 30.6001 9.6V28.8C30.6001 30.2359 29.436 31.4 28.0001 31.4Z\" stroke=\"#D5D7DA\" stroke-width=\"1.2\"><\/path><path d=\"M21.6001 0.399994V6.39999C21.6001 8.16731 23.0328 9.59999 24.8001 9.59999H30.8001\" stroke=\"#D5D7DA\" stroke-width=\"1.2\"><\/path><rect x=\"0.799805\" y=\"14.2\" width=\"20.8\" height=\"13.2\" rx=\"1.6\" fill=\"#D92D20\"><\/rect><path d=\"M3.86603 23.8V17.9818H6.16149C6.60278 17.9818 6.97872 18.0661 7.28933 18.2347C7.59994 18.4013 7.83668 18.6334 7.99956 18.9307C8.16433 19.2262 8.24672 19.5671 8.24672 19.9534C8.24672 20.3398 8.16338 20.6807 7.99672 20.9762C7.83005 21.2716 7.58857 21.5017 7.27228 21.6665C6.95789 21.8313 6.57721 21.9137 6.13024 21.9137H4.66717V20.9279H5.93137C6.16812 20.9279 6.36319 20.8871 6.5166 20.8057C6.6719 20.7224 6.78744 20.6078 6.86319 20.462C6.94084 20.3142 6.97967 20.1447 6.97967 19.9534C6.97967 19.7602 6.94084 19.5917 6.86319 19.4477C6.78744 19.3019 6.6719 19.1892 6.5166 19.1097C6.3613 19.0282 6.16433 18.9875 5.92569 18.9875H5.09615V23.8H3.86603ZM11.1082 23.8H9.04572V17.9818H11.1253C11.7105 17.9818 12.2143 18.0983 12.6366 18.3313C13.059 18.5623 13.3838 18.8947 13.6111 19.3284C13.8402 19.7621 13.9548 20.2811 13.9548 20.8852C13.9548 21.4913 13.8402 22.0121 13.6111 22.4477C13.3838 22.8834 13.0571 23.2176 12.6309 23.4506C12.2067 23.6835 11.6991 23.8 11.1082 23.8ZM10.2758 22.746H11.0571C11.4207 22.746 11.7266 22.6816 11.9747 22.5529C12.2247 22.4222 12.4122 22.2205 12.5372 21.9477C12.6641 21.6731 12.7275 21.319 12.7275 20.8852C12.7275 20.4553 12.6641 20.104 12.5372 19.8313C12.4122 19.5585 12.2256 19.3578 11.9775 19.229C11.7294 19.1002 11.4236 19.0358 11.0599 19.0358H10.2758V22.746ZM14.866 23.8V17.9818H18.7183V18.996H16.0961V20.3824H18.4626V21.3966H16.0961V23.8H14.866Z\" fill=\"white\"><\/path><\/svg>\t\t\t<\/span>\n\t\t\t\t\t\t\t\t\t<span class=\"elementor-button-text\">Antrag auf Mitgliedschaftpp<\/span>\n\t\t\t\t\t<\/span>\n\t\t\t\t\t<\/a>\n\t\t\t\t<\/div>\n\t\t\t\t\t\t<\/div>\n\t\t\t\t<\/div>\n\t\t\t\t<div class=\"elementor-element elementor-element-22597b8 elementor-widget elementor-widget-heading\" data-id=\"22597b8\" data-element_type=\"widget\" data-widget_type=\"heading.default\">\n\t\t\t\t<div class=\"elementor-widget-container\">\n\t\t\t<h2 class=\"elementor-heading-title elementor-size-default\">Folgende\u00a0 Unterlagen werden bei eingetragenen Vereinen zus\u00e4tzlich ben\u00f6tigt:<\/h2>\t\t<\/div>\n\t\t\t\t<\/div>\n\t\t\t\t<div class=\"elementor-element elementor-element-47760f5 elementor-icon-list--layout-traditional elementor-list-item-link-full_width elementor-widget elementor-widget-icon-list\" data-id=\"47760f5\" data-element_type=\"widget\" data-widget_type=\"icon-list.default\">\n\t\t\t\t<div class=\"elementor-widget-container\">\n\t\t\t\t\t<ul class=\"elementor-icon-list-items\">\n\t\t\t\t\t\t\t<li class=\"elementor-icon-list-item\">\n\t\t\t\t\t\t\t\t\t\t<span class=\"elementor-icon-list-text\">1. Kopie des aktuellen Registerauszuges aus dem Vereinsregister<\/span>\n\t\t\t\t\t\t\t\t\t<\/li>\n\t\t\t\t\t\t\t\t<li class=\"elementor-icon-list-item\">\n\t\t\t\t\t\t\t\t\t\t<span class=\"elementor-icon-list-text\">2. Kopie des aktuellen Freistellungsbescheides des zust\u00e4ndigen Finanzamtes<\/span>\n\t\t\t\t\t\t\t\t\t<\/li>\n\t\t\t\t\t\t\t\t<li class=\"elementor-icon-list-item\">\n\t\t\t\t\t\t\t\t\t\t<span class=\"elementor-icon-list-text\">3. Kopie der Vereinssatzun<\/span>\n\t\t\t\t\t\t\t\t\t<\/li>\n\t\t\t\t\t\t<\/ul>\n\t\t\t\t<\/div>\n\t\t\t\t<\/div>\n\t\t\t\t<div class=\"elementor-element elementor-element-fb85f36 elementor-widget elementor-widget-heading\" data-id=\"fb85f36\" data-element_type=\"widget\" data-widget_type=\"heading.default\">\n\t\t\t\t<div class=\"elementor-widget-container\">\n\t\t\t<h2 class=\"elementor-heading-title elementor-size-default\">Die Unterlagen k\u00f6nnen per PDF an die Mail Mitglieder(\u00e4t)cricket.nrw gesendet werden.<\/h2>\t\t<\/div>\n\t\t\t\t<\/div>\n\t\t\t\t\t<\/div>\n\t\t<\/div>\n\t\t\t\t\t<\/div>\n\t\t<\/section>\n\t\t\t\t<\/div>\n\t\t","protected":false},"excerpt":{"rendered":"<p>Mitgliedschaft Alle eingetragene Vereine sowie Mannschaften die den Cricketsport in Nordrhein Westfalen aktiv betreiben\/unterst\u00fctzen m\u00f6chten k\u00f6nnen sich beim Westdeutschen Cricket Verband anmelden. Der aktuelle Jahresbeitrag betr\u00e4gt 75 \u20ac im Jahr Antrag auf Mitgliedschaftpp Folgende\u00a0 Unterlagen werden bei eingetragenen Vereinen zus\u00e4tzlich ben\u00f6tigt: 1. Kopie des aktuellen Registerauszuges aus dem Vereinsregister 2. Kopie des aktuellen Freistellungsbescheides des &#8230; <a title=\"Mitgliedschaft\" class=\"read-more\" href=\"https:\/\/wdcv.sit-demo.net\/index.php\/mitgliedschaft\/\" aria-label=\"Read more about Mitgliedschaft\">Read more<\/a><\/p>\n","protected":false},"author":1,"featured_media":0,"parent":0,"menu_order":0,"comment_status":"closed","ping_status":"closed","template":"elementor_header_footer","meta":{"footnotes":""},"class_list":["post-99","page","type-page","status-publish"],"_links":{"self":[{"href":"https:\/\/wdcv.sit-demo.net\/index.php\/wp-json\/wp\/v2\/pages\/99","targetHints":{"allow":["GET"]}}],"collection":[{"href":"https:\/\/wdcv.sit-demo.net\/index.php\/wp-json\/wp\/v2\/pages"}],"about":[{"href":"https:\/\/wdcv.sit-demo.net\/index.php\/wp-json\/wp\/v2\/types\/page"}],"author":[{"embeddable":true,"href":"https:\/\/wdcv.sit-demo.net\/index.php\/wp-json\/wp\/v2\/users\/1"}],"replies":[{"embeddable":true,"href":"https:\/\/wdcv.sit-demo.net\/index.php\/wp-json\/wp\/v2\/comments?post=99"}],"version-history":[{"count":7,"href":"https:\/\/wdcv.sit-demo.net\/index.php\/wp-json\/wp\/v2\/pages\/99\/revisions"}],"predecessor-version":[{"id":683,"href":"https:\/\/wdcv.sit-demo.net\/index.php\/wp-json\/wp\/v2\/pages\/99\/revisions\/683"}],"wp:attachment":[{"href":"https:\/\/wdcv.sit-demo.net\/index.php\/wp-json\/wp\/v2\/media?parent=99"}],"curies":[{"name":"wp","href":"https:\/\/api.w.org\/{rel}","templated":true}]}}